{"id":1097,"date":"2023-11-20T18:22:38","date_gmt":"2023-11-20T18:22:38","guid":{"rendered":"https:\/\/repawpet.si\/how-to-reach-us\/"},"modified":"2024-05-08T20:01:01","modified_gmt":"2024-05-08T20:01:01","slug":"how-to-reach-us","status":"publish","type":"page","link":"https:\/\/repawpet.si\/en\/how-to-reach-us\/","title":{"rendered":"How to reach us"},"content":{"rendered":"<p>[et_pb_section fb_built=&#8221;1&#8243; _builder_version=&#8221;4.23.1&#8243; _module_preset=&#8221;default&#8221; global_colors_info=&#8221;{}&#8221; theme_builder_area=&#8221;post_content&#8221;][et_pb_row column_structure=&#8221;1_2,1_2&#8243; _builder_version=&#8221;4.23.1&#8243; _module_preset=&#8221;default&#8221; global_colors_info=&#8221;{}&#8221; theme_builder_area=&#8221;post_content&#8221;][et_pb_column type=&#8221;1_2&#8243; _builder_version=&#8221;4.23.1&#8243; _module_preset=&#8221;default&#8221; global_colors_info=&#8221;{}&#8221; theme_builder_area=&#8221;post_content&#8221;][et_pb_text _builder_version=&#8221;4.24.3&#8243; _module_preset=&#8221;default&#8221; hover_enabled=&#8221;0&#8243; global_colors_info=&#8221;{}&#8221; theme_builder_area=&#8221;post_content&#8221; sticky_enabled=&#8221;0&#8243;]<\/p>\n<p>Our services are performed at the Faculty of Health Sciences, University of Ljubljana (Zdravstvena pot 5, 1000 Ljubljana). You can park in the parking lot in front of the faculty.<\/p>\n<p><a href=\"https:\/\/maps.app.goo.gl\/jSNjc5HxD4HDneHs6\">https:\/\/maps.app.goo.gl\/jSNjc5HxD4HDneHs6<\/a><\/p>\n<p>The location is near the centre of Ljubljana. BEFORE YOU LEAVE, WE RECOMMEND YOU READ THE DIRECTIONS ATTACHED BELOW, BECAUSE DIRECTIONS TO THE PARKING LOT OF OUR BUILDING ARE NOT ACCURATELY SHOWN ON GOOGLE MAPS OR OTHER NAVIGATION SYSTEMS!<\/p>\n<p>Directions:<\/p>\n<p>If you enter \u00bbFaculty of Health Sciences\u00ab or \u00bbZdravstvena pot 5\u00ab into the navigation system, it will not take you directly to our parking lot, so we suggest that you enter <strong>\u00bbZEMLJEMERSKA ULICA\u00ab<\/strong> or <strong>\u00bbSPOMENIK TONETA TOM\u0160I\u010cA\u00ab<\/strong> in the navigation system. When you arrive at Zemljemerska ulica, you will see the Poljane Primary School and a high green fence on your right (see the photos for a better understanding) after about 100 meters. Spomenik Toneta Tom\u0161i\u010da (Tone Tom\u0161i\u010d monument) is located next to the road leading to the faculty. Turn right to the road between the Poljane Primary School (Osnovna \u0161ola Poljane) and the Secondary School for Pharmacy, Cosmetics and Healthcare (S\u0160FKZ) to Zdravstvena pot. Continue along this road between the schools for about 100 meters to the ramp. When you arrive at the ramp, contact us for entry. We will open the ramp for you and meet you outside. Please do not bring animals into the faculty by yourself.<\/p>\n<p>[\/et_pb_text][\/et_pb_column][et_pb_column type=&#8221;1_2&#8243; _builder_version=&#8221;4.23.1&#8243; _module_preset=&#8221;default&#8221; global_colors_info=&#8221;{}&#8221; theme_builder_area=&#8221;post_content&#8221;][et_pb_image src=&#8221;http:\/\/repawpet.si\/wp-content\/uploads\/2023\/11\/ZF_Vhod.jpeg&#8221; title_text=&#8221;ZF_Vhod&#8221; force_fullwidth=&#8221;on&#8221; _builder_version=&#8221;4.23.1&#8243; _module_preset=&#8221;default&#8221; global_colors_info=&#8221;{}&#8221; theme_builder_area=&#8221;post_content&#8221;][\/et_pb_image][et_pb_image src=&#8221;http:\/\/repawpet.si\/wp-content\/uploads\/2023\/11\/NavodilaZaPot_ZF.jpg&#8221; title_text=&#8221;NavodilaZaPot_ZF&#8221; force_fullwidth=&#8221;on&#8221; _builder_version=&#8221;4.23.1&#8243; _module_preset=&#8221;default&#8221; global_colors_info=&#8221;{}&#8221; theme_builder_area=&#8221;post_content&#8221;][\/et_pb_image][\/et_pb_column][\/et_pb_row][et_pb_row _builder_version=&#8221;4.23.1&#8243; _module_preset=&#8221;default&#8221; max_width=&#8221;1077px&#8221; global_colors_info=&#8221;{}&#8221; theme_builder_area=&#8221;post_content&#8221;][et_pb_column type=&#8221;4_4&#8243; _builder_version=&#8221;4.23.1&#8243; _module_preset=&#8221;default&#8221; global_colors_info=&#8221;{}&#8221; theme_builder_area=&#8221;post_content&#8221;][dipl_image_accordion _builder_version=&#8221;4.23.1&#8243; _module_preset=&#8221;default&#8221; global_colors_info=&#8221;{}&#8221; theme_builder_area=&#8221;post_content&#8221;][dipl_image_accordion_item accordion_bg_image=&#8221;http:\/\/repawpet.si\/wp-content\/uploads\/2023\/11\/KakoDoNas_2.jpeg&#8221; _builder_version=&#8221;4.23.1&#8243; _module_preset=&#8221;default&#8221; global_colors_info=&#8221;{}&#8221; theme_builder_area=&#8221;post_content&#8221;][\/dipl_image_accordion_item][dipl_image_accordion_item accordion_bg_image=&#8221;http:\/\/repawpet.si\/wp-content\/uploads\/2023\/11\/KakoDoNas.jpeg&#8221; _builder_version=&#8221;4.23.1&#8243; _module_preset=&#8221;default&#8221; global_colors_info=&#8221;{}&#8221; theme_builder_area=&#8221;post_content&#8221;][\/dipl_image_accordion_item][\/dipl_image_accordion][\/et_pb_column][\/et_pb_row][\/et_pb_section]<\/p>\n","protected":false},"excerpt":{"rendered":"<p>Our services are performed at the Faculty of Health Sciences, University of Ljubljana (Zdravstvena pot 5, 1000 Ljubljana). You can park in the parking lot in front of the faculty. https:\/\/maps.app.goo.gl\/jSNjc5HxD4HDneHs6 The location is near the centre of Ljubljana. BEFORE YOU LEAVE, WE RECOMMEND YOU READ THE DIRECTIONS ATTACHED BELOW, BECAUSE DIRECTIONS TO THE PARKING [&hellip;]<\/p>\n","protected":false},"author":1,"featured_media":1200,"parent":0,"menu_order":0,"comment_status":"closed","ping_status":"closed","template":"","meta":{"_acf_changed":false,"_et_pb_use_builder":"on","_et_pb_old_content":"","_et_gb_content_width":"","footnotes":""},"class_list":["post-1097","page","type-page","status-publish","has-post-thumbnail","hentry"],"acf":[],"yoast_head":"<!-- This site is optimized with the Yoast SEO plugin v27.5 - https:\/\/yoast.com\/product\/yoast-seo-wordpress\/ -->\n<title>How to reach us - RePaw Pet<\/title>\n<meta name=\"robots\" content=\"index, follow, max-snippet:-1, max-image-preview:large, max-video-preview:-1\" \/>\n<link rel=\"canonical\" href=\"https:\/\/repawpet.si\/en\/how-to-reach-us\/\" \/>\n<meta property=\"og:locale\" content=\"en_US\" \/>\n<meta property=\"og:type\" content=\"article\" \/>\n<meta property=\"og:title\" content=\"How to reach us - RePaw Pet\" \/>\n<meta property=\"og:url\" content=\"https:\/\/repawpet.si\/en\/how-to-reach-us\/\" \/>\n<meta property=\"og:site_name\" content=\"RePaw Pet\" \/>\n<meta property=\"article:publisher\" content=\"https:\/\/www.facebook.com\/repawpet\/?paipv=0&amp;eav=AfbqqhrmC3Kb8m_RXYB4x5O-AW1gQadKTlfdBjYkfbPWLoJThlWACvO446h2a6D8Sbo&amp;_rdr\" \/>\n<meta property=\"article:modified_time\" content=\"2024-05-08T20:01:01+00:00\" \/>\n<meta property=\"og:image\" content=\"http:\/\/repawpet.si\/wp-content\/uploads\/2024\/05\/360_F_421442912_e9dARIDF7CnBKKcB1Ooy0aNcEOJ13eVY.jpg\" \/>\n\t<meta property=\"og:image:width\" content=\"1920\" \/>\n\t<meta property=\"og:image:height\" content=\"1080\" \/>\n\t<meta property=\"og:image:type\" content=\"image\/jpeg\" \/>\n<meta name=\"twitter:card\" content=\"summary_large_image\" \/>\n<meta name=\"twitter:label1\" content=\"Est. reading time\" \/>\n\t<meta name=\"twitter:data1\" content=\"3 minutes\" \/>\n<script type=\"application\/ld+json\" class=\"yoast-schema-graph\">{\"@context\":\"https:\\\/\\\/schema.org\",\"@graph\":[{\"@type\":\"WebPage\",\"@id\":\"https:\\\/\\\/repawpet.si\\\/en\\\/how-to-reach-us\\\/\",\"url\":\"https:\\\/\\\/repawpet.si\\\/en\\\/how-to-reach-us\\\/\",\"name\":\"How to reach us - RePaw Pet\",\"isPartOf\":{\"@id\":\"https:\\\/\\\/repawpet.si\\\/#website\"},\"primaryImageOfPage\":{\"@id\":\"https:\\\/\\\/repawpet.si\\\/en\\\/how-to-reach-us\\\/#primaryimage\"},\"image\":{\"@id\":\"https:\\\/\\\/repawpet.si\\\/en\\\/how-to-reach-us\\\/#primaryimage\"},\"thumbnailUrl\":\"https:\\\/\\\/repawpet.si\\\/wp-content\\\/uploads\\\/2024\\\/05\\\/360_F_421442912_e9dARIDF7CnBKKcB1Ooy0aNcEOJ13eVY.jpg\",\"datePublished\":\"2023-11-20T18:22:38+00:00\",\"dateModified\":\"2024-05-08T20:01:01+00:00\",\"breadcrumb\":{\"@id\":\"https:\\\/\\\/repawpet.si\\\/en\\\/how-to-reach-us\\\/#breadcrumb\"},\"inLanguage\":\"en-US\",\"potentialAction\":[{\"@type\":\"ReadAction\",\"target\":[\"https:\\\/\\\/repawpet.si\\\/en\\\/how-to-reach-us\\\/\"]}]},{\"@type\":\"ImageObject\",\"inLanguage\":\"en-US\",\"@id\":\"https:\\\/\\\/repawpet.si\\\/en\\\/how-to-reach-us\\\/#primaryimage\",\"url\":\"https:\\\/\\\/repawpet.si\\\/wp-content\\\/uploads\\\/2024\\\/05\\\/360_F_421442912_e9dARIDF7CnBKKcB1Ooy0aNcEOJ13eVY.jpg\",\"contentUrl\":\"https:\\\/\\\/repawpet.si\\\/wp-content\\\/uploads\\\/2024\\\/05\\\/360_F_421442912_e9dARIDF7CnBKKcB1Ooy0aNcEOJ13eVY.jpg\",\"width\":1920,\"height\":1080},{\"@type\":\"BreadcrumbList\",\"@id\":\"https:\\\/\\\/repawpet.si\\\/en\\\/how-to-reach-us\\\/#breadcrumb\",\"itemListElement\":[{\"@type\":\"ListItem\",\"position\":1,\"name\":\"Home\",\"item\":\"https:\\\/\\\/repawpet.si\\\/en\\\/\"},{\"@type\":\"ListItem\",\"position\":2,\"name\":\"How to reach us\"}]},{\"@type\":\"WebSite\",\"@id\":\"https:\\\/\\\/repawpet.si\\\/#website\",\"url\":\"https:\\\/\\\/repawpet.si\\\/\",\"name\":\"RePaw Pet\",\"description\":\"RePaw Pet\",\"publisher\":{\"@id\":\"https:\\\/\\\/repawpet.si\\\/#organization\"},\"potentialAction\":[{\"@type\":\"SearchAction\",\"target\":{\"@type\":\"EntryPoint\",\"urlTemplate\":\"https:\\\/\\\/repawpet.si\\\/?s={search_term_string}\"},\"query-input\":{\"@type\":\"PropertyValueSpecification\",\"valueRequired\":true,\"valueName\":\"search_term_string\"}}],\"inLanguage\":\"en-US\"},{\"@type\":\"Organization\",\"@id\":\"https:\\\/\\\/repawpet.si\\\/#organization\",\"name\":\"RePaw Pet\",\"url\":\"https:\\\/\\\/repawpet.si\\\/\",\"logo\":{\"@type\":\"ImageObject\",\"inLanguage\":\"en-US\",\"@id\":\"https:\\\/\\\/repawpet.si\\\/#\\\/schema\\\/logo\\\/image\\\/\",\"url\":\"https:\\\/\\\/repawpet.si\\\/wp-content\\\/uploads\\\/2023\\\/11\\\/RePaw_Logo_FINAL.jpg\",\"contentUrl\":\"https:\\\/\\\/repawpet.si\\\/wp-content\\\/uploads\\\/2023\\\/11\\\/RePaw_Logo_FINAL.jpg\",\"width\":1152,\"height\":882,\"caption\":\"RePaw Pet\"},\"image\":{\"@id\":\"https:\\\/\\\/repawpet.si\\\/#\\\/schema\\\/logo\\\/image\\\/\"},\"sameAs\":[\"https:\\\/\\\/www.facebook.com\\\/repawpet\\\/?paipv=0&eav=AfbqqhrmC3Kb8m_RXYB4x5O-AW1gQadKTlfdBjYkfbPWLoJThlWACvO446h2a6D8Sbo&_rdr\",\"https:\\\/\\\/www.instagram.com\\\/repawpet\\\/\"]}]}<\/script>\n<!-- \/ Yoast SEO plugin. -->","yoast_head_json":{"title":"How to reach us - RePaw Pet","robots":{"index":"index","follow":"follow","max-snippet":"max-snippet:-1","max-image-preview":"max-image-preview:large","max-video-preview":"max-video-preview:-1"},"canonical":"https:\/\/repawpet.si\/en\/how-to-reach-us\/","og_locale":"en_US","og_type":"article","og_title":"How to reach us - RePaw Pet","og_url":"https:\/\/repawpet.si\/en\/how-to-reach-us\/","og_site_name":"RePaw Pet","article_publisher":"https:\/\/www.facebook.com\/repawpet\/?paipv=0&eav=AfbqqhrmC3Kb8m_RXYB4x5O-AW1gQadKTlfdBjYkfbPWLoJThlWACvO446h2a6D8Sbo&_rdr","article_modified_time":"2024-05-08T20:01:01+00:00","og_image":[{"width":1920,"height":1080,"url":"http:\/\/repawpet.si\/wp-content\/uploads\/2024\/05\/360_F_421442912_e9dARIDF7CnBKKcB1Ooy0aNcEOJ13eVY.jpg","type":"image\/jpeg"}],"twitter_card":"summary_large_image","twitter_misc":{"Est. reading time":"3 minutes"},"schema":{"@context":"https:\/\/schema.org","@graph":[{"@type":"WebPage","@id":"https:\/\/repawpet.si\/en\/how-to-reach-us\/","url":"https:\/\/repawpet.si\/en\/how-to-reach-us\/","name":"How to reach us - RePaw Pet","isPartOf":{"@id":"https:\/\/repawpet.si\/#website"},"primaryImageOfPage":{"@id":"https:\/\/repawpet.si\/en\/how-to-reach-us\/#primaryimage"},"image":{"@id":"https:\/\/repawpet.si\/en\/how-to-reach-us\/#primaryimage"},"thumbnailUrl":"https:\/\/repawpet.si\/wp-content\/uploads\/2024\/05\/360_F_421442912_e9dARIDF7CnBKKcB1Ooy0aNcEOJ13eVY.jpg","datePublished":"2023-11-20T18:22:38+00:00","dateModified":"2024-05-08T20:01:01+00:00","breadcrumb":{"@id":"https:\/\/repawpet.si\/en\/how-to-reach-us\/#breadcrumb"},"inLanguage":"en-US","potentialAction":[{"@type":"ReadAction","target":["https:\/\/repawpet.si\/en\/how-to-reach-us\/"]}]},{"@type":"ImageObject","inLanguage":"en-US","@id":"https:\/\/repawpet.si\/en\/how-to-reach-us\/#primaryimage","url":"https:\/\/repawpet.si\/wp-content\/uploads\/2024\/05\/360_F_421442912_e9dARIDF7CnBKKcB1Ooy0aNcEOJ13eVY.jpg","contentUrl":"https:\/\/repawpet.si\/wp-content\/uploads\/2024\/05\/360_F_421442912_e9dARIDF7CnBKKcB1Ooy0aNcEOJ13eVY.jpg","width":1920,"height":1080},{"@type":"BreadcrumbList","@id":"https:\/\/repawpet.si\/en\/how-to-reach-us\/#breadcrumb","itemListElement":[{"@type":"ListItem","position":1,"name":"Home","item":"https:\/\/repawpet.si\/en\/"},{"@type":"ListItem","position":2,"name":"How to reach us"}]},{"@type":"WebSite","@id":"https:\/\/repawpet.si\/#website","url":"https:\/\/repawpet.si\/","name":"RePaw Pet","description":"RePaw Pet","publisher":{"@id":"https:\/\/repawpet.si\/#organization"},"potentialAction":[{"@type":"SearchAction","target":{"@type":"EntryPoint","urlTemplate":"https:\/\/repawpet.si\/?s={search_term_string}"},"query-input":{"@type":"PropertyValueSpecification","valueRequired":true,"valueName":"search_term_string"}}],"inLanguage":"en-US"},{"@type":"Organization","@id":"https:\/\/repawpet.si\/#organization","name":"RePaw Pet","url":"https:\/\/repawpet.si\/","logo":{"@type":"ImageObject","inLanguage":"en-US","@id":"https:\/\/repawpet.si\/#\/schema\/logo\/image\/","url":"https:\/\/repawpet.si\/wp-content\/uploads\/2023\/11\/RePaw_Logo_FINAL.jpg","contentUrl":"https:\/\/repawpet.si\/wp-content\/uploads\/2023\/11\/RePaw_Logo_FINAL.jpg","width":1152,"height":882,"caption":"RePaw Pet"},"image":{"@id":"https:\/\/repawpet.si\/#\/schema\/logo\/image\/"},"sameAs":["https:\/\/www.facebook.com\/repawpet\/?paipv=0&eav=AfbqqhrmC3Kb8m_RXYB4x5O-AW1gQadKTlfdBjYkfbPWLoJThlWACvO446h2a6D8Sbo&_rdr","https:\/\/www.instagram.com\/repawpet\/"]}]}},"_links":{"self":[{"href":"https:\/\/repawpet.si\/en\/wp-json\/wp\/v2\/pages\/1097","targetHints":{"allow":["GET"]}}],"collection":[{"href":"https:\/\/repawpet.si\/en\/wp-json\/wp\/v2\/pages"}],"about":[{"href":"https:\/\/repawpet.si\/en\/wp-json\/wp\/v2\/types\/page"}],"author":[{"embeddable":true,"href":"https:\/\/repawpet.si\/en\/wp-json\/wp\/v2\/users\/1"}],"replies":[{"embeddable":true,"href":"https:\/\/repawpet.si\/en\/wp-json\/wp\/v2\/comments?post=1097"}],"version-history":[{"count":6,"href":"https:\/\/repawpet.si\/en\/wp-json\/wp\/v2\/pages\/1097\/revisions"}],"predecessor-version":[{"id":1331,"href":"https:\/\/repawpet.si\/en\/wp-json\/wp\/v2\/pages\/1097\/revisions\/1331"}],"wp:featuredmedia":[{"embeddable":true,"href":"https:\/\/repawpet.si\/en\/wp-json\/wp\/v2\/media\/1200"}],"wp:attachment":[{"href":"https:\/\/repawpet.si\/en\/wp-json\/wp\/v2\/media?parent=1097"}],"curies":[{"name":"wp","href":"https:\/\/api.w.org\/{rel}","templated":true}]}}